{"id":108,"date":"2024-11-25T10:42:55","date_gmt":"2024-11-25T10:42:55","guid":{"rendered":"https:\/\/wp2.esdl.nl\/?page_id=108"},"modified":"2025-02-05T07:56:42","modified_gmt":"2025-02-05T07:56:42","slug":"introductie","status":"publish","type":"page","link":"https:\/\/www.esdl.nl\/en\/introductie\/","title":{"rendered":"Introduction"},"content":{"rendered":"<p>This site has been created to help anyone interested in ESDL get started and find the right information, both for people without a technical background and software developers who want to do something with ESDL.<\/p>\n\n\n\n<p>Choose one of the following target groups:<\/p>\n\n\n\n<div class=\"wp-block-columns is-layout-flex wp-container-core-columns-is-layout-1 wp-block-columns-is-layout-flex\">\n<div class=\"wp-block-column is-layout-flow wp-block-column-is-layout-flow\">\n<figure class=\"wp-block-image size-large\"><img loading=\"lazy\" decoding=\"async\" width=\"250\" height=\"187\" src=\"https:\/\/www.esdl.nl\/wp-content\/uploads\/2023\/01\/ADBF83AA-C620-4460-894A-6BAC16C925B7-e1734017914724.jpeg\" alt=\"\" class=\"wp-image-65\"\/><\/figure>\n\n\n\n<p class=\"has-text-align-center\"><a href=\"https:\/\/www.esdl.nl\/en\/geinteresseerde\/\">Interested parties<\/a> <\/p>\n<\/div>\n\n\n\n<div class=\"wp-block-column is-layout-flow wp-block-column-is-layout-flow\">\n<figure class=\"wp-block-image size-large\"><img loading=\"lazy\" decoding=\"async\" width=\"251\" height=\"188\" src=\"https:\/\/www.esdl.nl\/wp-content\/uploads\/2023\/01\/80D8A68D-A033-4724-8DE7-571C1AAFDF54-e1734018143762.jpeg\" alt=\"\" class=\"wp-image-66\"\/><\/figure>\n\n\n\n<p class=\"has-text-align-center\"><a href=\"https:\/\/www.esdl.nl\/en\/energie-adviseurs\/\">Energy consultants<\/a><\/p>\n<\/div>\n\n\n\n<div class=\"wp-block-column is-layout-flow wp-block-column-is-layout-flow\">\n<figure class=\"wp-block-image size-large\"><img loading=\"lazy\" decoding=\"async\" width=\"250\" height=\"187\" src=\"https:\/\/www.esdl.nl\/wp-content\/uploads\/2023\/01\/8BFDB967-F186-4F77-9567-8DCEF5B9ED77-e1734018170680.jpeg\" alt=\"\" class=\"wp-image-67\"\/><\/figure>\n\n\n\n<p class=\"has-text-align-center\"><a href=\"https:\/\/www.esdl.nl\/en\/software-ontwikkelaar\/\">Software developers<\/a><\/p>\n<\/div>\n<\/div>\n\n\n\n<p><\/p>","protected":false},"excerpt":{"rendered":"<p>Deze site is gemaakt om iedereen met interesse in ESDL op weg te helpen en de juiste informatie te vinden, zowel voor mensen zonder technische achtergrond als softwareontwikkelaars die iets met ESDL willen gaan doen. Kies \u00e9\u00e9n van de volgende doelgroepen: Ge\u00efnteresseerden Energie adviseurs Software ontwikkelaars<\/p>","protected":false},"author":1,"featured_media":0,"parent":0,"menu_order":0,"comment_status":"closed","ping_status":"closed","template":"","meta":{"footnotes":""},"class_list":["post-108","page","type-page","status-publish","hentry"],"_links":{"self":[{"href":"https:\/\/www.esdl.nl\/en\/wp-json\/wp\/v2\/pages\/108","targetHints":{"allow":["GET"]}}],"collection":[{"href":"https:\/\/www.esdl.nl\/en\/wp-json\/wp\/v2\/pages"}],"about":[{"href":"https:\/\/www.esdl.nl\/en\/wp-json\/wp\/v2\/types\/page"}],"author":[{"embeddable":true,"href":"https:\/\/www.esdl.nl\/en\/wp-json\/wp\/v2\/users\/1"}],"replies":[{"embeddable":true,"href":"https:\/\/www.esdl.nl\/en\/wp-json\/wp\/v2\/comments?post=108"}],"version-history":[{"count":0,"href":"https:\/\/www.esdl.nl\/en\/wp-json\/wp\/v2\/pages\/108\/revisions"}],"wp:attachment":[{"href":"https:\/\/www.esdl.nl\/en\/wp-json\/wp\/v2\/media?parent=108"}],"curies":[{"name":"wp","href":"https:\/\/api.w.org\/{rel}","templated":true}]}}